{"id":8698,"date":"2026-03-27T15:30:45","date_gmt":"2026-03-27T14:30:45","guid":{"rendered":"https:\/\/bouquetaromate.com\/?page_id=8698"},"modified":"2026-04-01T16:17:17","modified_gmt":"2026-04-01T14:17:17","slug":"reserver","status":"publish","type":"page","link":"https:\/\/bouquetaromate.com\/en\/reserver\/","title":{"rendered":"Book"},"content":{"rendered":"\t\t<div data-elementor-type=\"wp-page\" data-elementor-id=\"8698\" class=\"elementor elementor-8698\" data-elementor-post-type=\"page\">\n\t\t\t\t<div class=\"elementor-element elementor-element-dbca80f e-flex e-con-boxed e-con e-parent\" data-id=\"dbca80f\" data-element_type=\"container\" data-e-type=\"container\" data-settings=\"{&quot;background_background&quot;:&quot;classic&quot;,&quot;mauve_ext_is_background_parallax&quot;:&quot;false&quot;}\">\n\t\t\t\t\t<div class=\"e-con-inner\">\n\t\t\t\t<div data-animation-type=\"block\" class=\"elementor-element elementor-element-23cc347 animated-slow elementor-widget__width-initial mauve-separator-align-center elementor-widget elementor-widget-mauve-fancy_heading\" data-id=\"23cc347\" data-element_type=\"widget\" data-e-type=\"widget\" data-settings=\"{&quot;_animation&quot;:&quot;none&quot;,&quot;mauve_hidepaged&quot;:&quot;false&quot;}\" data-widget_type=\"mauve-fancy_heading.default\">\n\t\t\t\t<div class=\"elementor-widget-container\">\n\t\t\t\t\t\t\t<div class=\"mauve-fancy-heading mauve-heading-text-center\">\n\t\t\t<div class=\"mauve-fancy-heading-inner\">\n\t\t\t\t<h1 class=\"mauve-heading-title\">R\u00e9servez votre logement<\/h1>\t\t\t<\/div>\n\t\t<\/div>\n\t\t\t\t\t\t<\/div>\n\t\t\t\t<\/div>\n\t\t\t\t\t<\/div>\n\t\t\t\t<\/div>\n\t\t<div class=\"elementor-element elementor-element-3613e13 e-flex e-con-boxed e-con e-parent\" data-id=\"3613e13\" data-element_type=\"container\" data-e-type=\"container\">\n\t\t\t\t\t<div class=\"e-con-inner\">\n\t\t\t\t<div class=\"elementor-element elementor-element-ca483be booking-form elementor-widget elementor-widget-mphbe-search-form\" data-id=\"ca483be\" data-element_type=\"widget\" data-e-type=\"widget\" data-settings=\"{&quot;mauve_hidepaged&quot;:&quot;false&quot;}\" data-widget_type=\"mphbe-search-form.default\">\n\t\t\t\t<div class=\"elementor-widget-container\">\n\t\t\t\t\t<div class=\"mphb_sc_search-wrapper \">\n<form method=\"GET\" class=\"mphb_sc_search-form\" action=\"https:\/\/bouquetaromate.com\/en\/resultats-de-la-recherche\/\" data-first_available_check_in_date=\"2026-04-30\">\n\n\t<p class = \"mphb-required-fields-tip\">\n\t<small>\n\t\tRequired fields are followed by\t\t<abbr title=\"required\">*<\/abbr>\n\t<\/small>\n<\/p>\n\n\t<p class=\"mphb_sc_search-check-in-date\">\n\t\t<label for=\"mphb_check_in_date-mphb-search-form-69f3beb20de21\">\n\t\t\tCheck-in\t\t\t<abbr title=\"Formatted as dd\/mm\/yyyy\">*<\/abbr>\n\t\t<\/label>\n\t\t<br \/>\n\t\t<input\n\t\t\tid=\"mphb_check_in_date-mphb-search-form-69f3beb20de21\"\n\t\t\tdata-datepick-group=\"mphb-search-form-69f3beb20de21\"\n\t\t\tvalue=\"\"\n\t\t\tplaceholder=\"Check-in Date\"\n\t\t\trequired=\"required\"\n\t\t\ttype=\"text\"\n\t\t\tinputmode=\"none\"\n\t\t\tname=\"mphb_check_in_date\"\n\t\t\tclass=\"mphb-datepick\"\n\t\t\tautocomplete=\"off\"\n\t\t\t\/>\n\t<\/p>\n\n\t<p class=\"mphb_sc_search-check-out-date\">\n\t\t<label for=\"mphb_check_out_date-mphb-search-form-69f3beb20de21\">\n\t\t\tCheck-out\t\t\t<abbr title=\"Formatted as dd\/mm\/yyyy\">*<\/abbr>\n\t\t<\/label>\n\t\t<br \/>\n\t\t<input\n\t\t\tid=\"mphb_check_out_date-mphb-search-form-69f3beb20de21\"\n\t\t\tdata-datepick-group=\"mphb-search-form-69f3beb20de21\"\n\t\t\tvalue=\"\"\n\t\t\tplaceholder=\"Check-out Date\"\n\t\t\trequired=\"required\"\n\t\t\ttype=\"text\"\n\t\t\tinputmode=\"none\"\n\t\t\tname=\"mphb_check_out_date\"\n\t\t\tclass=\"mphb-datepick\"\n\t\t\tautocomplete=\"off\"\n\t\t\t\/>\n\t<\/p>\n\n\t\t\t<p class=\"mphb_sc_search-adults\">\n\t\t\t<label for=\"mphb_adults-mphb-search-form-69f3beb20de21\">\n\t\t\t\tAdults\t\t\t<\/label>\n\t\t\t<br \/>\n\t\t\t<select id=\"mphb_adults-mphb-search-form-69f3beb20de21\" name=\"mphb_adults\" >\n\t\t\t\t\t\t\t\t\t<option value=\"1\"  selected='selected'>1<\/option>\n\t\t\t\t\t\t\t\t\t<option value=\"2\" >2<\/option>\n\t\t\t\t\t\t\t\t\t<option value=\"3\" >3<\/option>\n\t\t\t\t\t\t\t\t\t<option value=\"4\" >4<\/option>\n\t\t\t\t\t\t\t\t\t<option value=\"5\" >5<\/option>\n\t\t\t\t\t\t\t\t\t<option value=\"6\" >6<\/option>\n\t\t\t\t\t\t\t\t\t<option value=\"7\" >7<\/option>\n\t\t\t\t\t\t\t\t\t<option value=\"8\" >8<\/option>\n\t\t\t\t\t\t\t\t\t<option value=\"9\" >9<\/option>\n\t\t\t\t\t\t\t\t\t<option value=\"10\" >10<\/option>\n\t\t\t\t\t\t\t\t\t<option value=\"11\" >11<\/option>\n\t\t\t\t\t\t\t\t\t<option value=\"12\" >12<\/option>\n\t\t\t\t\t\t\t\t\t<option value=\"13\" >13<\/option>\n\t\t\t\t\t\t\t\t\t<option value=\"14\" >14<\/option>\n\t\t\t\t\t\t\t\t\t<option value=\"15\" >15<\/option>\n\t\t\t\t\t\t\t\t\t<option value=\"16\" >16<\/option>\n\t\t\t\t\t\t\t\t\t<option value=\"17\" >17<\/option>\n\t\t\t\t\t\t\t\t\t<option value=\"18\" >18<\/option>\n\t\t\t\t\t\t\t\t\t<option value=\"19\" >19<\/option>\n\t\t\t\t\t\t\t\t\t<option value=\"20\" >20<\/option>\n\t\t\t\t\t\t\t\t\t<option value=\"21\" >21<\/option>\n\t\t\t\t\t\t\t\t\t<option value=\"22\" >22<\/option>\n\t\t\t\t\t\t\t\t\t<option value=\"23\" >23<\/option>\n\t\t\t\t\t\t\t\t\t<option value=\"24\" >24<\/option>\n\t\t\t\t\t\t\t<\/select>\n\t\t<\/p>\n\t\n\t\t\t<p class=\"mphb_sc_search-children\">\n\t\t\t<label for=\"mphb_children-mphb-search-form-69f3beb20de21\">\n\t\t\t\tChildren\t\t\t<\/label>\n\t\t\t<br \/>\n\t\t\t<select id=\"mphb_children-mphb-search-form-69f3beb20de21\" name=\"mphb_children\">\n\t\t\t\t\t\t\t\t\t<option value=\"0\"  selected='selected'>0<\/option>\n\t\t\t\t\t\t\t\t\t<option value=\"1\" >1<\/option>\n\t\t\t\t\t\t\t\t\t<option value=\"2\" >2<\/option>\n\t\t\t\t\t\t\t\t\t<option value=\"3\" >3<\/option>\n\t\t\t\t\t\t\t\t\t<option value=\"4\" >4<\/option>\n\t\t\t\t\t\t\t\t\t<option value=\"5\" >5<\/option>\n\t\t\t\t\t\t\t\t\t<option value=\"6\" >6<\/option>\n\t\t\t\t\t\t\t\t\t<option value=\"7\" >7<\/option>\n\t\t\t\t\t\t\t\t\t<option value=\"8\" >8<\/option>\n\t\t\t\t\t\t\t\t\t<option value=\"9\" >9<\/option>\n\t\t\t\t\t\t\t\t\t<option value=\"10\" >10<\/option>\n\t\t\t\t\t\t\t\t\t<option value=\"11\" >11<\/option>\n\t\t\t\t\t\t\t\t\t<option value=\"12\" >12<\/option>\n\t\t\t\t\t\t\t\t\t<option value=\"13\" >13<\/option>\n\t\t\t\t\t\t\t\t\t<option value=\"14\" >14<\/option>\n\t\t\t\t\t\t\t\t\t<option value=\"15\" >15<\/option>\n\t\t\t\t\t\t\t\t\t<option value=\"16\" >16<\/option>\n\t\t\t\t\t\t\t\t\t<option value=\"17\" >17<\/option>\n\t\t\t\t\t\t\t\t\t<option value=\"18\" >18<\/option>\n\t\t\t\t\t\t\t\t\t<option value=\"19\" >19<\/option>\n\t\t\t\t\t\t\t\t\t<option value=\"20\" >20<\/option>\n\t\t\t\t\t\t\t\t\t<option value=\"21\" >21<\/option>\n\t\t\t\t\t\t\t\t\t<option value=\"22\" >22<\/option>\n\t\t\t\t\t\t\t\t\t<option value=\"23\" >23<\/option>\n\t\t\t\t\t\t\t\t\t<option value=\"24\" >24<\/option>\n\t\t\t\t\t\t\t<\/select>\n\t\t<\/p>\n\t\n\t\n\t\t\t<p class=\"mphb_sc_search-hebergement\">\n\t\t\t<label for=\"mphb_hebergement-mphb-search-form-69f3beb20de21\">\n\t\t\t\tH\u00e9bergement\t\t\t<\/label>\n\t\t\t<br \/>\n\t\t\t<select id=\"mphb_hebergement-mphb-search-form-69f3beb20de21\" name=\"mphb_attributes[hebergement]\">\n\t\t\t\t<option value=\"\">\u2014<\/option>\n\t\t\t\t\t\t\t\t\t<option value=\"56\">Chambre double<\/option>\n\t\t\t\t\t\t\t\t\t<option value=\"55\">Chambre simple<\/option>\n\t\t\t\t\t\t\t\t\t<option value=\"54\">G\u00eete Le Basilic<\/option>\n\t\t\t\t\t\t\t\t\t<option value=\"53\">Maison L&#039;Olivier<\/option>\n\t\t\t\t\t\t\t\t\t<option value=\"52\">Villa Les Romarins<\/option>\n\t\t\t\t\t\t\t<\/select>\n\t\t<\/p>\n\t\n\t<input id=\"mphb_check_in_date-mphb-search-form-69f3beb20de21-hidden\" value=\"\" type=\"hidden\" name=\"mphb_check_in_date\" \/><input id=\"mphb_check_out_date-mphb-search-form-69f3beb20de21-hidden\" value=\"\" type=\"hidden\" name=\"mphb_check_out_date\" \/>\n\t<p class=\"mphb_sc_search-submit-button-wrapper\">\n\t\t<input type=\"submit\" class=\"button\" value=\"Search\"\/>\n\t<\/p>\n\n\t\n<\/form>\n<\/div>\t\t\t\t<\/div>\n\t\t\t\t<\/div>\n\t\t\t\t\t<\/div>\n\t\t\t\t<\/div>\n\t\t\t\t<\/div>\n\t\t","protected":false},"excerpt":{"rendered":"<p>R\u00e9servez votre logement Les champs obligatoires sont suivis de * Arriv\u00e9e * D\u00e9part * Adultes 123456789101112131415161718192021222324252627282930 Enfants 012345678910 H\u00e9bergement \u2014Chambre doubleChambre simpleG\u00eete Le BasilicMaison L&#039;OlivierVilla Les Romarins<\/p>","protected":false},"author":1,"featured_media":0,"parent":0,"menu_order":0,"comment_status":"closed","ping_status":"closed","template":"elementor_header_footer","meta":{"footnotes":""},"categories":[],"tags":[],"class_list":["post-8698","page","type-page","status-publish","hentry"],"yoast_head":"<!-- This site is optimized with the Yoast SEO plugin v27.4 - https:\/\/yoast.com\/product\/yoast-seo-wordpress\/ -->\n<title>R\u00e9server - Le Bouquet de l&#039;Aromate<\/title>\n<meta name=\"robots\" content=\"noindex, nofollow\" \/>\n<meta property=\"og:locale\" content=\"en_US\" \/>\n<meta property=\"og:type\" content=\"article\" \/>\n<meta property=\"og:title\" content=\"R\u00e9server - Le Bouquet de l&#039;Aromate\" \/>\n<meta property=\"og:description\" content=\"R\u00e9servez votre logement Les champs obligatoires sont suivis de * Arriv\u00e9e * D\u00e9part * Adultes 123456789101112131415161718192021222324252627282930 Enfants 012345678910 H\u00e9bergement \u2014Chambre doubleChambre simpleG\u00eete Le BasilicMaison L&#039;OlivierVilla Les Romarins\" \/>\n<meta property=\"og:url\" content=\"https:\/\/bouquetaromate.com\/en\/reserver\/\" \/>\n<meta property=\"og:site_name\" content=\"Le Bouquet de l&#039;Aromate\" \/>\n<meta property=\"article:publisher\" content=\"https:\/\/www.facebook.com\/bouquet.aromate\" \/>\n<meta property=\"article:modified_time\" content=\"2026-04-01T14:17:17+00:00\" \/>\n<meta name=\"twitter:card\" content=\"summary_large_image\" \/>\n<meta name=\"twitter:label1\" content=\"Est. reading time\" \/>\n\t<meta name=\"twitter:data1\" content=\"1 minute\" \/>\n<script type=\"application\/ld+json\" class=\"yoast-schema-graph\">{\"@context\":\"https:\\\/\\\/schema.org\",\"@graph\":[{\"@type\":\"WebPage\",\"@id\":\"https:\\\/\\\/bouquetaromate.com\\\/reserver\\\/\",\"url\":\"https:\\\/\\\/bouquetaromate.com\\\/reserver\\\/\",\"name\":\"R\u00e9server - Le Bouquet de l&#039;Aromate\",\"isPartOf\":{\"@id\":\"https:\\\/\\\/bouquetaromate.com\\\/#website\"},\"datePublished\":\"2026-03-27T14:30:45+00:00\",\"dateModified\":\"2026-04-01T14:17:17+00:00\",\"breadcrumb\":{\"@id\":\"https:\\\/\\\/bouquetaromate.com\\\/reserver\\\/#breadcrumb\"},\"inLanguage\":\"en-US\",\"potentialAction\":[{\"@type\":\"ReadAction\",\"target\":[\"https:\\\/\\\/bouquetaromate.com\\\/reserver\\\/\"]}]},{\"@type\":\"BreadcrumbList\",\"@id\":\"https:\\\/\\\/bouquetaromate.com\\\/reserver\\\/#breadcrumb\",\"itemListElement\":[{\"@type\":\"ListItem\",\"position\":1,\"name\":\"Accueil\",\"item\":\"https:\\\/\\\/bouquetaromate.com\\\/\"},{\"@type\":\"ListItem\",\"position\":2,\"name\":\"R\u00e9server\"}]},{\"@type\":\"WebSite\",\"@id\":\"https:\\\/\\\/bouquetaromate.com\\\/#website\",\"url\":\"https:\\\/\\\/bouquetaromate.com\\\/\",\"name\":\"Le Bouquet de l'Aromate\",\"description\":\"\",\"publisher\":{\"@id\":\"https:\\\/\\\/bouquetaromate.com\\\/#organization\"},\"alternateName\":\"Bouquet Aromate\",\"potentialAction\":[{\"@type\":\"SearchAction\",\"target\":{\"@type\":\"EntryPoint\",\"urlTemplate\":\"https:\\\/\\\/bouquetaromate.com\\\/?s={search_term_string}\"},\"query-input\":{\"@type\":\"PropertyValueSpecification\",\"valueRequired\":true,\"valueName\":\"search_term_string\"}}],\"inLanguage\":\"en-US\"},{\"@type\":\"Organization\",\"@id\":\"https:\\\/\\\/bouquetaromate.com\\\/#organization\",\"name\":\"Le Bouquet de l'Aromate\",\"url\":\"https:\\\/\\\/bouquetaromate.com\\\/\",\"logo\":{\"@type\":\"ImageObject\",\"inLanguage\":\"en-US\",\"@id\":\"https:\\\/\\\/bouquetaromate.com\\\/#\\\/schema\\\/logo\\\/image\\\/\",\"url\":\"https:\\\/\\\/bouquetaromate.com\\\/wp-content\\\/uploads\\\/2026\\\/01\\\/logo-bouquetaromate-blanc-simple-scaled.png\",\"contentUrl\":\"https:\\\/\\\/bouquetaromate.com\\\/wp-content\\\/uploads\\\/2026\\\/01\\\/logo-bouquetaromate-blanc-simple-scaled.png\",\"width\":2560,\"height\":1114,\"caption\":\"Le Bouquet de l'Aromate\"},\"image\":{\"@id\":\"https:\\\/\\\/bouquetaromate.com\\\/#\\\/schema\\\/logo\\\/image\\\/\"},\"sameAs\":[\"https:\\\/\\\/www.facebook.com\\\/bouquet.aromate\",\"https:\\\/\\\/www.instagram.com\\\/bouquetaromate\\\/\"]}]}<\/script>\n<!-- \/ Yoast SEO plugin. -->","yoast_head_json":{"title":"R\u00e9server - Le Bouquet de l&#039;Aromate","robots":{"index":"noindex","follow":"nofollow"},"og_locale":"en_US","og_type":"article","og_title":"R\u00e9server - Le Bouquet de l&#039;Aromate","og_description":"R\u00e9servez votre logement Les champs obligatoires sont suivis de * Arriv\u00e9e * D\u00e9part * Adultes 123456789101112131415161718192021222324252627282930 Enfants 012345678910 H\u00e9bergement \u2014Chambre doubleChambre simpleG\u00eete Le BasilicMaison L&#039;OlivierVilla Les Romarins","og_url":"https:\/\/bouquetaromate.com\/en\/reserver\/","og_site_name":"Le Bouquet de l&#039;Aromate","article_publisher":"https:\/\/www.facebook.com\/bouquet.aromate","article_modified_time":"2026-04-01T14:17:17+00:00","twitter_card":"summary_large_image","twitter_misc":{"Est. reading time":"1 minute"},"schema":{"@context":"https:\/\/schema.org","@graph":[{"@type":"WebPage","@id":"https:\/\/bouquetaromate.com\/reserver\/","url":"https:\/\/bouquetaromate.com\/reserver\/","name":"R\u00e9server - Le Bouquet de l&#039;Aromate","isPartOf":{"@id":"https:\/\/bouquetaromate.com\/#website"},"datePublished":"2026-03-27T14:30:45+00:00","dateModified":"2026-04-01T14:17:17+00:00","breadcrumb":{"@id":"https:\/\/bouquetaromate.com\/reserver\/#breadcrumb"},"inLanguage":"en-US","potentialAction":[{"@type":"ReadAction","target":["https:\/\/bouquetaromate.com\/reserver\/"]}]},{"@type":"BreadcrumbList","@id":"https:\/\/bouquetaromate.com\/reserver\/#breadcrumb","itemListElement":[{"@type":"ListItem","position":1,"name":"Accueil","item":"https:\/\/bouquetaromate.com\/"},{"@type":"ListItem","position":2,"name":"R\u00e9server"}]},{"@type":"WebSite","@id":"https:\/\/bouquetaromate.com\/#website","url":"https:\/\/bouquetaromate.com\/","name":"Le Bouquet de l'Aromate","description":"","publisher":{"@id":"https:\/\/bouquetaromate.com\/#organization"},"alternateName":"Bouquet Aromate","potentialAction":[{"@type":"SearchAction","target":{"@type":"EntryPoint","urlTemplate":"https:\/\/bouquetaromate.com\/?s={search_term_string}"},"query-input":{"@type":"PropertyValueSpecification","valueRequired":true,"valueName":"search_term_string"}}],"inLanguage":"en-US"},{"@type":"Organization","@id":"https:\/\/bouquetaromate.com\/#organization","name":"Le Bouquet de l'Aromate","url":"https:\/\/bouquetaromate.com\/","logo":{"@type":"ImageObject","inLanguage":"en-US","@id":"https:\/\/bouquetaromate.com\/#\/schema\/logo\/image\/","url":"https:\/\/bouquetaromate.com\/wp-content\/uploads\/2026\/01\/logo-bouquetaromate-blanc-simple-scaled.png","contentUrl":"https:\/\/bouquetaromate.com\/wp-content\/uploads\/2026\/01\/logo-bouquetaromate-blanc-simple-scaled.png","width":2560,"height":1114,"caption":"Le Bouquet de l'Aromate"},"image":{"@id":"https:\/\/bouquetaromate.com\/#\/schema\/logo\/image\/"},"sameAs":["https:\/\/www.facebook.com\/bouquet.aromate","https:\/\/www.instagram.com\/bouquetaromate\/"]}]}},"_links":{"self":[{"href":"https:\/\/bouquetaromate.com\/en\/wp-json\/wp\/v2\/pages\/8698","targetHints":{"allow":["GET"]}}],"collection":[{"href":"https:\/\/bouquetaromate.com\/en\/wp-json\/wp\/v2\/pages"}],"about":[{"href":"https:\/\/bouquetaromate.com\/en\/wp-json\/wp\/v2\/types\/page"}],"author":[{"embeddable":true,"href":"https:\/\/bouquetaromate.com\/en\/wp-json\/wp\/v2\/users\/1"}],"replies":[{"embeddable":true,"href":"https:\/\/bouquetaromate.com\/en\/wp-json\/wp\/v2\/comments?post=8698"}],"version-history":[{"count":28,"href":"https:\/\/bouquetaromate.com\/en\/wp-json\/wp\/v2\/pages\/8698\/revisions"}],"predecessor-version":[{"id":8729,"href":"https:\/\/bouquetaromate.com\/en\/wp-json\/wp\/v2\/pages\/8698\/revisions\/8729"}],"wp:attachment":[{"href":"https:\/\/bouquetaromate.com\/en\/wp-json\/wp\/v2\/media?parent=8698"}],"wp:term":[{"taxonomy":"category","embeddable":true,"href":"https:\/\/bouquetaromate.com\/en\/wp-json\/wp\/v2\/categories?post=8698"},{"taxonomy":"post_tag","embeddable":true,"href":"https:\/\/bouquetaromate.com\/en\/wp-json\/wp\/v2\/tags?post=8698"}],"curies":[{"name":"wp","href":"https:\/\/api.w.org\/{rel}","templated":true}]}}