{"id":56,"date":"2026-01-26T17:53:40","date_gmt":"2026-01-26T16:53:40","guid":{"rendered":"https:\/\/staging.bouquetaromate.com\/?page_id=56"},"modified":"2026-03-12T15:26:00","modified_gmt":"2026-03-12T14:26:00","slug":"mentions-legales","status":"publish","type":"page","link":"https:\/\/bouquetaromate.com\/en\/mentions-legales\/","title":{"rendered":"Legal notices"},"content":{"rendered":"<div data-elementor-type=\"wp-page\" data-elementor-id=\"56\" class=\"elementor elementor-56\" data-elementor-post-type=\"page\">\n\t\t\t\t<div class=\"elementor-element elementor-element-60ec5341 darkbg e-con-full e-flex e-con e-parent\" data-id=\"60ec5341\" data-element_type=\"container\" data-e-type=\"container\" data-settings=\"{&quot;background_background&quot;:&quot;classic&quot;}\">\n\t\t\t\t<div data-animation-type=\"block\" class=\"elementor-element elementor-element-77fa0698 animated-slow mauve-separator-align-center mauve-separator-align-center animation_type_block elementor-invisible elementor-widget elementor-widget-mauve-fancy_heading\" data-id=\"77fa0698\" data-element_type=\"widget\" data-e-type=\"widget\" data-settings=\"{&quot;_animation&quot;:&quot;fadeIn&quot;,&quot;mauve_hidepaged&quot;:&quot;false&quot;,&quot;_animation_type&quot;:&quot;block&quot;}\" data-widget_type=\"mauve-fancy_heading.default\">\n\t\t\t\t<div class=\"elementor-widget-container\">\n\t\t\t\t\t\t\t<div class=\"mauve-fancy-heading mauve-heading-text-center\">\n\t\t\t<div class=\"mauve-fancy-heading-inner\">\n\t\t\t\t<h2 class=\"mauve-heading-title\">Legal notices<\/h2>\t\t\t<\/div>\n\t\t<\/div>\n\t\t\t\t\t\t<\/div>\n\t\t\t\t<\/div>\n\t\t\t\t<\/div>\n\t\t<div class=\"elementor-element elementor-element-ad55e93 e-con-full e-flex e-con e-parent\" data-id=\"ad55e93\" data-element_type=\"container\" data-e-type=\"container\">\n\t\t\t\t<div class=\"elementor-element elementor-element-6c81d35 elementor-widget elementor-widget-text-editor\" data-id=\"6c81d35\" data-element_type=\"widget\" data-e-type=\"widget\" data-settings=\"{&quot;mauve_hidepaged&quot;:&quot;false&quot;}\" data-widget_type=\"text-editor.default\">\n\t\t\t\t\t\t\t\t\t<p data-start=\"237\" data-end=\"327\"><strong data-start=\"237\" data-end=\"256\">Website publisher<\/strong><br data-start=\"256\" data-end=\"259\" \/>This website, accessible at the URL: www.bouquetaromate.com, is published by:<\/p><p data-start=\"329\" data-end=\"479\">Laget Didier<br data-start=\"341\" data-end=\"344\" \/>Sole proprietorship<br data-start=\"368\" data-end=\"371\" \/>Address : 321 chemin du Jas \u2013 84220 Joucas<br data-start=\"413\" data-end=\"416\" \/>Phone : 04 90 05 71 85<br data-start=\"442\" data-end=\"445\" \/>Email : bouquetaromate@gmail.com<\/p><p data-start=\"481\" data-end=\"585\">SIRET : 344 982 046 000 23<br data-start=\"507\" data-end=\"510\" \/>Intra-Community VAT number: FR91344982046<br data-start=\"548\" data-end=\"551\" \/>Registered with the RNE on May 20, 1988<\/p><p data-start=\"587\" data-end=\"635\"><strong data-start=\"587\" data-end=\"620\">Publication manager<\/strong><br data-start=\"620\" data-end=\"623\" \/>Didier Laget<\/p><hr data-start=\"637\" data-end=\"640\" \/><p data-start=\"642\" data-end=\"800\"><strong data-start=\"642\" data-end=\"665\">Website hosting<\/strong><br data-start=\"665\" data-end=\"668\" \/>The site is hosted by:<br data-start=\"693\" data-end=\"696\" \/>o2switch<br data-start=\"704\" data-end=\"707\" \/>222 Boulevard Gustave Flaubert, 63000 Clermont-Ferrand, France<br data-start=\"769\" data-end=\"772\" \/>Phone : 04 44 44 60 40<\/p><hr data-start=\"802\" data-end=\"805\" \/><p data-start=\"807\" data-end=\"953\"><strong data-start=\"807\" data-end=\"829\">Website design<\/strong><br data-start=\"829\" data-end=\"832\" \/>Website designed and created by:<br data-start=\"859\" data-end=\"862\" \/><a href=\"http:\/\/morganegalea.fr\">Morgane Galea Communication<\/a><\/p><hr data-start=\"955\" data-end=\"958\" \/><p data-start=\"960\" data-end=\"1372\"><strong data-start=\"960\" data-end=\"988\">Intellectual property<\/strong><br data-start=\"988\" data-end=\"991\" \/>All content on this website (text, images, graphics, logo, icons, etc.) is the exclusive property of Didier Laget, unless otherwise stated.<br data-start=\"1139\" data-end=\"1142\" \/>Any reproduction, representation, modification, publication, or adaptation, in whole or in part, of the elements of the site, regardless of the means or process used, is prohibited without the prior written permission of the publisher.<\/p><hr data-start=\"1374\" data-end=\"1377\" \/><p data-start=\"1379\" data-end=\"1716\"><strong data-start=\"1379\" data-end=\"1397\">Liability<\/strong><br data-start=\"1397\" data-end=\"1400\" \/>The publisher strives to provide information on the website that is as accurate as possible. However, it cannot be held responsible for omissions, inaccuracies, or deficiencies in the updating of information.<br data-start=\"1621\" data-end=\"1624\" \/>The user acknowledges that they use the information provided under their sole responsibility.<\/p><hr data-start=\"1718\" data-end=\"1721\" \/><p data-start=\"1723\" data-end=\"1805\"><strong data-start=\"1723\" data-end=\"1747\">Personal data<\/strong><\/p><p data-start=\"1723\" data-end=\"1805\">The site may collect personal data via its contact form and use cookies for operational and audience measurement purposes.<br data-start=\"895\" data-end=\"898\" \/>Users are informed about the use of cookies via a consent banner on their first visit.<br data-start=\"1012\" data-end=\"1015\" \/>For more information on the collection and processing of personal data, users are invited to consult the \u201cPrivacy Policy\u201d page.<\/p><p data-start=\"2125\" data-end=\"2255\">This data is retained for a period not exceeding that necessary for the purposes for which it was collected.<\/p><p data-start=\"2257\" data-end=\"2505\">In accordance with current regulations (GDPR), you have the right to access, rectify, oppose, delete, and transfer your personal data.<br data-start=\"2436\" data-end=\"2439\" \/>You can exercise these rights by contacting :bouquetaromate@gmail.com.<\/p><p data-start=\"2507\" data-end=\"2585\">No personal data is transferred to third parties without prior consent.<\/p><hr data-start=\"2587\" data-end=\"2590\" \/><p data-start=\"2592\" data-end=\"2838\"><strong data-start=\"2592\" data-end=\"2603\">Cookies<\/strong><br data-start=\"2603\" data-end=\"2606\" \/>The site uses cookies that are necessary for its proper functioning, as well as audience measurement cookies (in particular via Google Analytics).<br data-start=\"1422\" data-end=\"1425\" \/>During the first visit, a banner allows the user to accept, refuse, or customize the use of cookies.<br data-start=\"1558\" data-end=\"1561\" \/>The user may change their choices at any time.<br data-start=\"1615\" data-end=\"1618\" \/>For more information, users are invited to consult the \u201cPrivacy Policy\u201d page.<\/p>\t\t\t\t\t\t\t\t<\/div>\n\t\t\t\t<\/div>\n\t\t\t\t<\/div>","protected":false},"excerpt":{"rendered":"<p>Mentions l\u00e9gales \u00c9diteur du siteLe pr\u00e9sent site, accessible \u00e0 l\u2019URL : www.bouquetaromate.com, est \u00e9dit\u00e9 par : Laget DidierEntreprise en nom propreAdresse : 321 chemin du Jas \u2013 84220 JoucasT\u00e9l\u00e9phone :&#8230;<\/p>","protected":false},"author":1,"featured_media":0,"parent":0,"menu_order":0,"comment_status":"closed","ping_status":"closed","template":"elementor_header_footer","meta":{"footnotes":""},"categories":[],"tags":[],"class_list":["post-56","page","type-page","status-publish","hentry"],"yoast_head":"<!-- This site is optimized with the Yoast SEO plugin v27.4 - https:\/\/yoast.com\/product\/yoast-seo-wordpress\/ -->\n<title>Mentions l\u00e9gales - Le Bouquet de l&#039;Aromate<\/title>\n<meta name=\"robots\" content=\"noindex, nofollow\" \/>\n<meta property=\"og:locale\" content=\"en_US\" \/>\n<meta property=\"og:type\" content=\"article\" \/>\n<meta property=\"og:title\" content=\"Mentions l\u00e9gales - Le Bouquet de l&#039;Aromate\" \/>\n<meta property=\"og:description\" content=\"Mentions l\u00e9gales \u00c9diteur du siteLe pr\u00e9sent site, accessible \u00e0 l\u2019URL : www.bouquetaromate.com, est \u00e9dit\u00e9 par : Laget DidierEntreprise en nom propreAdresse : 321 chemin du Jas \u2013 84220 JoucasT\u00e9l\u00e9phone :...\" \/>\n<meta property=\"og:url\" content=\"https:\/\/bouquetaromate.com\/en\/mentions-legales\/\" \/>\n<meta property=\"og:site_name\" content=\"Le Bouquet de l&#039;Aromate\" \/>\n<meta property=\"article:publisher\" content=\"https:\/\/www.facebook.com\/bouquet.aromate\" \/>\n<meta property=\"article:modified_time\" content=\"2026-03-12T14:26:00+00:00\" \/>\n<meta name=\"twitter:card\" content=\"summary_large_image\" \/>\n<meta name=\"twitter:label1\" content=\"Est. reading time\" \/>\n\t<meta name=\"twitter:data1\" content=\"1 minute\" \/>\n<script type=\"application\/ld+json\" class=\"yoast-schema-graph\">{\"@context\":\"https:\\\/\\\/schema.org\",\"@graph\":[{\"@type\":\"WebPage\",\"@id\":\"https:\\\/\\\/bouquetaromate.com\\\/mentions-legales\\\/\",\"url\":\"https:\\\/\\\/bouquetaromate.com\\\/mentions-legales\\\/\",\"name\":\"Mentions l\u00e9gales - Le Bouquet de l&#039;Aromate\",\"isPartOf\":{\"@id\":\"https:\\\/\\\/bouquetaromate.com\\\/#website\"},\"datePublished\":\"2026-01-26T16:53:40+00:00\",\"dateModified\":\"2026-03-12T14:26:00+00:00\",\"breadcrumb\":{\"@id\":\"https:\\\/\\\/bouquetaromate.com\\\/mentions-legales\\\/#breadcrumb\"},\"inLanguage\":\"en-US\",\"potentialAction\":[{\"@type\":\"ReadAction\",\"target\":[\"https:\\\/\\\/bouquetaromate.com\\\/mentions-legales\\\/\"]}]},{\"@type\":\"BreadcrumbList\",\"@id\":\"https:\\\/\\\/bouquetaromate.com\\\/mentions-legales\\\/#breadcrumb\",\"itemListElement\":[{\"@type\":\"ListItem\",\"position\":1,\"name\":\"Accueil\",\"item\":\"https:\\\/\\\/bouquetaromate.com\\\/\"},{\"@type\":\"ListItem\",\"position\":2,\"name\":\"Mentions l\u00e9gales\"}]},{\"@type\":\"WebSite\",\"@id\":\"https:\\\/\\\/bouquetaromate.com\\\/#website\",\"url\":\"https:\\\/\\\/bouquetaromate.com\\\/\",\"name\":\"Le Bouquet de l'Aromate\",\"description\":\"\",\"publisher\":{\"@id\":\"https:\\\/\\\/bouquetaromate.com\\\/#organization\"},\"alternateName\":\"Bouquet Aromate\",\"potentialAction\":[{\"@type\":\"SearchAction\",\"target\":{\"@type\":\"EntryPoint\",\"urlTemplate\":\"https:\\\/\\\/bouquetaromate.com\\\/?s={search_term_string}\"},\"query-input\":{\"@type\":\"PropertyValueSpecification\",\"valueRequired\":true,\"valueName\":\"search_term_string\"}}],\"inLanguage\":\"en-US\"},{\"@type\":\"Organization\",\"@id\":\"https:\\\/\\\/bouquetaromate.com\\\/#organization\",\"name\":\"Le Bouquet de l'Aromate\",\"url\":\"https:\\\/\\\/bouquetaromate.com\\\/\",\"logo\":{\"@type\":\"ImageObject\",\"inLanguage\":\"en-US\",\"@id\":\"https:\\\/\\\/bouquetaromate.com\\\/#\\\/schema\\\/logo\\\/image\\\/\",\"url\":\"https:\\\/\\\/bouquetaromate.com\\\/wp-content\\\/uploads\\\/2026\\\/01\\\/logo-bouquetaromate-blanc-simple-scaled.png\",\"contentUrl\":\"https:\\\/\\\/bouquetaromate.com\\\/wp-content\\\/uploads\\\/2026\\\/01\\\/logo-bouquetaromate-blanc-simple-scaled.png\",\"width\":2560,\"height\":1114,\"caption\":\"Le Bouquet de l'Aromate\"},\"image\":{\"@id\":\"https:\\\/\\\/bouquetaromate.com\\\/#\\\/schema\\\/logo\\\/image\\\/\"},\"sameAs\":[\"https:\\\/\\\/www.facebook.com\\\/bouquet.aromate\",\"https:\\\/\\\/www.instagram.com\\\/bouquetaromate\\\/\"]}]}<\/script>\n<!-- \/ Yoast SEO plugin. -->","yoast_head_json":{"title":"Mentions l\u00e9gales - Le Bouquet de l&#039;Aromate","robots":{"index":"noindex","follow":"nofollow"},"og_locale":"en_US","og_type":"article","og_title":"Mentions l\u00e9gales - Le Bouquet de l&#039;Aromate","og_description":"Mentions l\u00e9gales \u00c9diteur du siteLe pr\u00e9sent site, accessible \u00e0 l\u2019URL : www.bouquetaromate.com, est \u00e9dit\u00e9 par : Laget DidierEntreprise en nom propreAdresse : 321 chemin du Jas \u2013 84220 JoucasT\u00e9l\u00e9phone :...","og_url":"https:\/\/bouquetaromate.com\/en\/mentions-legales\/","og_site_name":"Le Bouquet de l&#039;Aromate","article_publisher":"https:\/\/www.facebook.com\/bouquet.aromate","article_modified_time":"2026-03-12T14:26:00+00:00","twitter_card":"summary_large_image","twitter_misc":{"Est. reading time":"1 minute"},"schema":{"@context":"https:\/\/schema.org","@graph":[{"@type":"WebPage","@id":"https:\/\/bouquetaromate.com\/mentions-legales\/","url":"https:\/\/bouquetaromate.com\/mentions-legales\/","name":"Mentions l\u00e9gales - Le Bouquet de l&#039;Aromate","isPartOf":{"@id":"https:\/\/bouquetaromate.com\/#website"},"datePublished":"2026-01-26T16:53:40+00:00","dateModified":"2026-03-12T14:26:00+00:00","breadcrumb":{"@id":"https:\/\/bouquetaromate.com\/mentions-legales\/#breadcrumb"},"inLanguage":"en-US","potentialAction":[{"@type":"ReadAction","target":["https:\/\/bouquetaromate.com\/mentions-legales\/"]}]},{"@type":"BreadcrumbList","@id":"https:\/\/bouquetaromate.com\/mentions-legales\/#breadcrumb","itemListElement":[{"@type":"ListItem","position":1,"name":"Accueil","item":"https:\/\/bouquetaromate.com\/"},{"@type":"ListItem","position":2,"name":"Mentions l\u00e9gales"}]},{"@type":"WebSite","@id":"https:\/\/bouquetaromate.com\/#website","url":"https:\/\/bouquetaromate.com\/","name":"Le Bouquet de l'Aromate","description":"","publisher":{"@id":"https:\/\/bouquetaromate.com\/#organization"},"alternateName":"Bouquet Aromate","potentialAction":[{"@type":"SearchAction","target":{"@type":"EntryPoint","urlTemplate":"https:\/\/bouquetaromate.com\/?s={search_term_string}"},"query-input":{"@type":"PropertyValueSpecification","valueRequired":true,"valueName":"search_term_string"}}],"inLanguage":"en-US"},{"@type":"Organization","@id":"https:\/\/bouquetaromate.com\/#organization","name":"Le Bouquet de l'Aromate","url":"https:\/\/bouquetaromate.com\/","logo":{"@type":"ImageObject","inLanguage":"en-US","@id":"https:\/\/bouquetaromate.com\/#\/schema\/logo\/image\/","url":"https:\/\/bouquetaromate.com\/wp-content\/uploads\/2026\/01\/logo-bouquetaromate-blanc-simple-scaled.png","contentUrl":"https:\/\/bouquetaromate.com\/wp-content\/uploads\/2026\/01\/logo-bouquetaromate-blanc-simple-scaled.png","width":2560,"height":1114,"caption":"Le Bouquet de l'Aromate"},"image":{"@id":"https:\/\/bouquetaromate.com\/#\/schema\/logo\/image\/"},"sameAs":["https:\/\/www.facebook.com\/bouquet.aromate","https:\/\/www.instagram.com\/bouquetaromate\/"]}]}},"_links":{"self":[{"href":"https:\/\/bouquetaromate.com\/en\/wp-json\/wp\/v2\/pages\/56","targetHints":{"allow":["GET"]}}],"collection":[{"href":"https:\/\/bouquetaromate.com\/en\/wp-json\/wp\/v2\/pages"}],"about":[{"href":"https:\/\/bouquetaromate.com\/en\/wp-json\/wp\/v2\/types\/page"}],"author":[{"embeddable":true,"href":"https:\/\/bouquetaromate.com\/en\/wp-json\/wp\/v2\/users\/1"}],"replies":[{"embeddable":true,"href":"https:\/\/bouquetaromate.com\/en\/wp-json\/wp\/v2\/comments?post=56"}],"version-history":[{"count":49,"href":"https:\/\/bouquetaromate.com\/en\/wp-json\/wp\/v2\/pages\/56\/revisions"}],"predecessor-version":[{"id":8530,"href":"https:\/\/bouquetaromate.com\/en\/wp-json\/wp\/v2\/pages\/56\/revisions\/8530"}],"wp:attachment":[{"href":"https:\/\/bouquetaromate.com\/en\/wp-json\/wp\/v2\/media?parent=56"}],"wp:term":[{"taxonomy":"category","embeddable":true,"href":"https:\/\/bouquetaromate.com\/en\/wp-json\/wp\/v2\/categories?post=56"},{"taxonomy":"post_tag","embeddable":true,"href":"https:\/\/bouquetaromate.com\/en\/wp-json\/wp\/v2\/tags?post=56"}],"curies":[{"name":"wp","href":"https:\/\/api.w.org\/{rel}","templated":true}]}}